{"id":2495,"date":"2024-01-22T17:42:38","date_gmt":"2024-01-22T17:42:38","guid":{"rendered":"https:\/\/latifakiry.com\/?page_id=2495"},"modified":"2025-04-26T11:20:45","modified_gmt":"2025-04-26T11:20:45","slug":"consultaion","status":"publish","type":"page","link":"https:\/\/latifakiryacademy.com\/ar\/consultaion\/","title":{"rendered":"Consultaion"},"content":{"rendered":"<div data-elementor-type=\"wp-page\" data-elementor-id=\"2495\" class=\"elementor elementor-2495\" data-elementor-post-type=\"page\">\n\t\t\t\t\t\t<section class=\"elementor-section elementor-top-section elementor-element elementor-element-0aa888d elementor-section-boxed elementor-section-height-default elementor-section-height-default\" data-id=\"0aa888d\" data-element_type=\"section\">\n\t\t\t\t\t\t<div class=\"elementor-container elementor-column-gap-default\">\n\t\t\t\t\t<div class=\"elementor-column elementor-col-50 elementor-top-column elementor-element elementor-element-aab9383\" data-id=\"aab9383\" data-element_type=\"column\">\n\t\t\t<div class=\"elementor-widget-wrap elementor-element-populated\">\n\t\t\t\t\t\t<div class=\"elementor-element elementor-element-7228f0c elementor-widget elementor-widget-heading\" data-id=\"7228f0c\" data-element_type=\"widget\" data-widget_type=\"heading.default\">\n\t\t\t\t<div class=\"elementor-widget-container\">\n\t\t\t\t\t<h2 class=\"elementor-heading-title elementor-size-default\">Demande de consultation gratuite de 30 min<\/h2>\t\t\t\t<\/div>\n\t\t\t\t<\/div>\n\t\t\t\t<section class=\"elementor-section elementor-inner-section elementor-element elementor-element-9698051 elementor-section-boxed elementor-section-height-default elementor-section-height-default\" data-id=\"9698051\" data-element_type=\"section\">\n\t\t\t\t\t\t<div class=\"elementor-container elementor-column-gap-default\">\n\t\t\t\t\t<div class=\"elementor-column elementor-col-50 elementor-inner-column elementor-element elementor-element-50c250c\" data-id=\"50c250c\" data-element_type=\"column\">\n\t\t\t<div class=\"elementor-widget-wrap elementor-element-populated\">\n\t\t\t\t\t\t<div class=\"elementor-element elementor-element-f2cf22a elementor-widget elementor-widget-image\" data-id=\"f2cf22a\" data-element_type=\"widget\" data-widget_type=\"image.default\">\n\t\t\t\t<div class=\"elementor-widget-container\">\n\t\t\t\t\t\t\t\t\t\t\t\t\t\t\t<img fetchpriority=\"high\" decoding=\"async\" width=\"683\" height=\"1024\" src=\"https:\/\/latifakiryacademy.com\/wp-content\/uploads\/2021\/11\/LatifaKiry_MIL6913-1-1-1-683x1024.jpg\" class=\"attachment-large size-large wp-image-1213\" alt=\"\" srcset=\"https:\/\/latifakiryacademy.com\/wp-content\/uploads\/2021\/11\/LatifaKiry_MIL6913-1-1-1-683x1024.jpg 683w, https:\/\/latifakiryacademy.com\/wp-content\/uploads\/2021\/11\/LatifaKiry_MIL6913-1-1-1-200x300.jpg 200w, https:\/\/latifakiryacademy.com\/wp-content\/uploads\/2021\/11\/LatifaKiry_MIL6913-1-1-1-768x1152.jpg 768w, https:\/\/latifakiryacademy.com\/wp-content\/uploads\/2021\/11\/LatifaKiry_MIL6913-1-1-1-1024x1536.jpg 1024w, https:\/\/latifakiryacademy.com\/wp-content\/uploads\/2021\/11\/LatifaKiry_MIL6913-1-1-1.jpg 1365w\" sizes=\"(max-width: 683px) 100vw, 683px\" \/>\t\t\t\t\t\t\t\t\t\t\t\t\t\t\t<\/div>\n\t\t\t\t<\/div>\n\t\t\t\t\t<\/div>\n\t\t<\/div>\n\t\t\t\t<div class=\"elementor-column elementor-col-50 elementor-inner-column elementor-element elementor-element-4e686bc\" data-id=\"4e686bc\" data-element_type=\"column\">\n\t\t\t<div class=\"elementor-widget-wrap elementor-element-populated\">\n\t\t\t\t\t\t<div class=\"elementor-element elementor-element-7bbf2e4 elementor-widget elementor-widget-text-editor\" data-id=\"7bbf2e4\" data-element_type=\"widget\" data-widget_type=\"text-editor.default\">\n\t\t\t\t<div class=\"elementor-widget-container\">\n\t\t\t\t\t\t\t\t\t<p><strong>\u0644\u0637\u064a\u0641\u0629 \u0643\u064a\u0631\u064a<\/strong><\/p><p>&#8211; Coach en \u00e9veil de conscience<\/p><p>&#8211; Aide des Femmes et des Hommes \u00e0 se connecter \u00e0 ce qu\u2019ils sont vraiment dans un monde qui ne cesse de nous amener \u00e0 \u00eatre quelqu\u2019un d\u2019autre.<\/p><p>&#8211; Coach professionnel et Maitre Praticien PNL<\/p><p>&#8211; Coach reconnue RNCP<\/p>\t\t\t\t\t\t\t\t<\/div>\n\t\t\t\t<\/div>\n\t\t\t\t\t<\/div>\n\t\t<\/div>\n\t\t\t\t\t<\/div>\n\t\t<\/section>\n\t\t\t\t\t<\/div>\n\t\t<\/div>\n\t\t\t\t<div class=\"elementor-column elementor-col-50 elementor-top-column elementor-element elementor-element-8c38660\" data-id=\"8c38660\" data-element_type=\"column\">\n\t\t\t<div class=\"elementor-widget-wrap elementor-element-populated\">\n\t\t\t\t\t\t<div class=\"elementor-element elementor-element-b90ce29 elementor-widget elementor-widget-html\" data-id=\"b90ce29\" data-element_type=\"widget\" data-widget_type=\"html.default\">\n\t\t\t\t<div class=\"elementor-widget-container\">\n\t\t\t\t\t<iframe src=\"https:\/\/link.funnelsfusion.io\/widget\/booking\/BBDcwIHSFU64fg96Ee03\" style=\"width: 100%;border:none;overflow: hidden;\" scrolling=\"no\" id=\"BBDcwIHSFU64fg96Ee03_1745666353863\"><\/iframe><br><script src=\"https:\/\/link.funnelsfusion.io\/js\/form_embed.js\" type=\"text\/javascript\"><\/script>\t\t\t\t<\/div>\n\t\t\t\t<\/div>\n\t\t\t\t\t<\/div>\n\t\t<\/div>\n\t\t\t\t\t<\/div>\n\t\t<\/section>\n\t\t\t\t<\/div>","protected":false},"excerpt":{"rendered":"<p>Demande de consultation gratuite de 30 min Latifa KIRY &#8211; Coach en \u00e9veil de conscience &#8211; Aide des Femmes et des Hommes \u00e0 se connecter \u00e0 ce qu\u2019ils sont vraiment dans un monde qui ne cesse de nous amener \u00e0 \u00eatre quelqu\u2019un d\u2019autre. &#8211; Coach professionnel et Maitre Praticien PNL &#8211; Coach reconnue RNCP<\/p>","protected":false},"author":1,"featured_media":0,"parent":0,"menu_order":0,"comment_status":"closed","ping_status":"closed","template":"elementor_header_footer","meta":{"footnotes":""},"class_list":["post-2495","page","type-page","status-publish","hentry"],"yoast_head":"<!-- This site is optimized with the Yoast SEO plugin v25.2 - https:\/\/yoast.com\/wordpress\/plugins\/seo\/ -->\n<title>Consultaion - Latifa KIRY Coach<\/title>\n<meta name=\"robots\" content=\"index, follow, max-snippet:-1, max-image-preview:large, max-video-preview:-1\" \/>\n<link rel=\"canonical\" href=\"https:\/\/latifakiryacademy.com\/ar\/consultaion\/\" \/>\n<meta property=\"og:locale\" content=\"ar_AR\" \/>\n<meta property=\"og:type\" content=\"article\" \/>\n<meta property=\"og:title\" content=\"Consultaion - Latifa KIRY Coach\" \/>\n<meta property=\"og:description\" content=\"Demande de consultation gratuite de 30 min Latifa KIRY &#8211; Coach en \u00e9veil de conscience &#8211; Aide des Femmes et des Hommes \u00e0 se connecter \u00e0 ce qu\u2019ils sont vraiment dans un monde qui ne cesse de nous amener \u00e0 \u00eatre quelqu\u2019un d\u2019autre. &#8211; Coach professionnel et Maitre Praticien PNL &#8211; Coach reconnue RNCP\" \/>\n<meta property=\"og:url\" content=\"https:\/\/latifakiryacademy.com\/ar\/consultaion\/\" \/>\n<meta property=\"og:site_name\" content=\"Latifa KIRY Coach\" \/>\n<meta property=\"article:publisher\" content=\"https:\/\/web.facebook.com\/CoachLatifaKIRY\" \/>\n<meta property=\"article:modified_time\" content=\"2025-04-26T11:20:45+00:00\" \/>\n<meta property=\"og:image\" content=\"http:\/\/latifakiry.com\/wp-content\/uploads\/2021\/11\/LatifaKiry_MIL6913-1-1-1-683x1024.jpg\" \/>\n<meta name=\"twitter:card\" content=\"summary_large_image\" \/>\n<meta name=\"twitter:label1\" content=\"Est. reading time\" \/>\n\t<meta name=\"twitter:data1\" content=\"1 minute\" \/>\n<script type=\"application\/ld+json\" class=\"yoast-schema-graph\">{\"@context\":\"https:\/\/schema.org\",\"@graph\":[{\"@type\":\"WebPage\",\"@id\":\"https:\/\/latifakiryacademy.com\/consultaion\/\",\"url\":\"https:\/\/latifakiryacademy.com\/consultaion\/\",\"name\":\"Consultaion - Latifa KIRY Coach\",\"isPartOf\":{\"@id\":\"https:\/\/latifakiryacademy.com\/#website\"},\"primaryImageOfPage\":{\"@id\":\"https:\/\/latifakiryacademy.com\/consultaion\/#primaryimage\"},\"image\":{\"@id\":\"https:\/\/latifakiryacademy.com\/consultaion\/#primaryimage\"},\"thumbnailUrl\":\"http:\/\/latifakiry.com\/wp-content\/uploads\/2021\/11\/LatifaKiry_MIL6913-1-1-1-683x1024.jpg\",\"datePublished\":\"2024-01-22T17:42:38+00:00\",\"dateModified\":\"2025-04-26T11:20:45+00:00\",\"breadcrumb\":{\"@id\":\"https:\/\/latifakiryacademy.com\/consultaion\/#breadcrumb\"},\"inLanguage\":\"ary\",\"potentialAction\":[{\"@type\":\"ReadAction\",\"target\":[\"https:\/\/latifakiryacademy.com\/consultaion\/\"]}]},{\"@type\":\"ImageObject\",\"inLanguage\":\"ary\",\"@id\":\"https:\/\/latifakiryacademy.com\/consultaion\/#primaryimage\",\"url\":\"http:\/\/latifakiry.com\/wp-content\/uploads\/2021\/11\/LatifaKiry_MIL6913-1-1-1-683x1024.jpg\",\"contentUrl\":\"http:\/\/latifakiry.com\/wp-content\/uploads\/2021\/11\/LatifaKiry_MIL6913-1-1-1-683x1024.jpg\"},{\"@type\":\"BreadcrumbList\",\"@id\":\"https:\/\/latifakiryacademy.com\/consultaion\/#breadcrumb\",\"itemListElement\":[{\"@type\":\"ListItem\",\"position\":1,\"name\":\"Accueil\",\"item\":\"https:\/\/latifakiryacademy.com\/ar\/\"},{\"@type\":\"ListItem\",\"position\":2,\"name\":\"Consultaion\"}]},{\"@type\":\"WebSite\",\"@id\":\"https:\/\/latifakiryacademy.com\/#website\",\"url\":\"https:\/\/latifakiryacademy.com\/\",\"name\":\"Latifa KIRY Coach\",\"description\":\"Eveil de conscience et de connaissance de soi\",\"publisher\":{\"@id\":\"https:\/\/latifakiryacademy.com\/#\/schema\/person\/97d0a38f07bbc492bcc3c4125e720545\"},\"potentialAction\":[{\"@type\":\"SearchAction\",\"target\":{\"@type\":\"EntryPoint\",\"urlTemplate\":\"https:\/\/latifakiryacademy.com\/?s={search_term_string}\"},\"query-input\":{\"@type\":\"PropertyValueSpecification\",\"valueRequired\":true,\"valueName\":\"search_term_string\"}}],\"inLanguage\":\"ary\"},{\"@type\":[\"Person\",\"Organization\"],\"@id\":\"https:\/\/latifakiryacademy.com\/#\/schema\/person\/97d0a38f07bbc492bcc3c4125e720545\",\"name\":\"latifa kiry\",\"image\":{\"@type\":\"ImageObject\",\"inLanguage\":\"ary\",\"@id\":\"https:\/\/latifakiryacademy.com\/#\/schema\/person\/image\/\",\"url\":\"https:\/\/secure.gravatar.com\/avatar\/4fe4c0ca4749e6d211aec4e8f83a99e35730c14e397c459f90d24ade51f3202a?s=96&d=mm&r=g\",\"contentUrl\":\"https:\/\/secure.gravatar.com\/avatar\/4fe4c0ca4749e6d211aec4e8f83a99e35730c14e397c459f90d24ade51f3202a?s=96&d=mm&r=g\",\"caption\":\"latifa kiry\"},\"logo\":{\"@id\":\"https:\/\/latifakiryacademy.com\/#\/schema\/person\/image\/\"},\"sameAs\":[\"https:\/\/latifakiryacademy.com\",\"https:\/\/web.facebook.com\/CoachLatifaKIRY\",\"https:\/\/www.instagram.com\/latifakirycoach\",\"https:\/\/www.youtube.com\/@LatifaKiryCoach\/\"]}]}<\/script>\n<!-- \/ Yoast SEO plugin. -->","yoast_head_json":{"title":"Consultaion - Latifa KIRY Coach","robots":{"index":"index","follow":"follow","max-snippet":"max-snippet:-1","max-image-preview":"max-image-preview:large","max-video-preview":"max-video-preview:-1"},"canonical":"https:\/\/latifakiryacademy.com\/ar\/consultaion\/","og_locale":"ar_AR","og_type":"article","og_title":"Consultaion - Latifa KIRY Coach","og_description":"Demande de consultation gratuite de 30 min Latifa KIRY &#8211; Coach en \u00e9veil de conscience &#8211; Aide des Femmes et des Hommes \u00e0 se connecter \u00e0 ce qu\u2019ils sont vraiment dans un monde qui ne cesse de nous amener \u00e0 \u00eatre quelqu\u2019un d\u2019autre. &#8211; Coach professionnel et Maitre Praticien PNL &#8211; Coach reconnue RNCP","og_url":"https:\/\/latifakiryacademy.com\/ar\/consultaion\/","og_site_name":"Latifa KIRY Coach","article_publisher":"https:\/\/web.facebook.com\/CoachLatifaKIRY","article_modified_time":"2025-04-26T11:20:45+00:00","og_image":[{"url":"http:\/\/latifakiry.com\/wp-content\/uploads\/2021\/11\/LatifaKiry_MIL6913-1-1-1-683x1024.jpg","type":"","width":"","height":""}],"twitter_card":"summary_large_image","twitter_misc":{"Est. reading time":"1 minute"},"schema":{"@context":"https:\/\/schema.org","@graph":[{"@type":"WebPage","@id":"https:\/\/latifakiryacademy.com\/consultaion\/","url":"https:\/\/latifakiryacademy.com\/consultaion\/","name":"Consultaion - Latifa KIRY Coach","isPartOf":{"@id":"https:\/\/latifakiryacademy.com\/#website"},"primaryImageOfPage":{"@id":"https:\/\/latifakiryacademy.com\/consultaion\/#primaryimage"},"image":{"@id":"https:\/\/latifakiryacademy.com\/consultaion\/#primaryimage"},"thumbnailUrl":"http:\/\/latifakiry.com\/wp-content\/uploads\/2021\/11\/LatifaKiry_MIL6913-1-1-1-683x1024.jpg","datePublished":"2024-01-22T17:42:38+00:00","dateModified":"2025-04-26T11:20:45+00:00","breadcrumb":{"@id":"https:\/\/latifakiryacademy.com\/consultaion\/#breadcrumb"},"inLanguage":"ary","potentialAction":[{"@type":"ReadAction","target":["https:\/\/latifakiryacademy.com\/consultaion\/"]}]},{"@type":"ImageObject","inLanguage":"ary","@id":"https:\/\/latifakiryacademy.com\/consultaion\/#primaryimage","url":"http:\/\/latifakiry.com\/wp-content\/uploads\/2021\/11\/LatifaKiry_MIL6913-1-1-1-683x1024.jpg","contentUrl":"http:\/\/latifakiry.com\/wp-content\/uploads\/2021\/11\/LatifaKiry_MIL6913-1-1-1-683x1024.jpg"},{"@type":"BreadcrumbList","@id":"https:\/\/latifakiryacademy.com\/consultaion\/#breadcrumb","itemListElement":[{"@type":"ListItem","position":1,"name":"Accueil","item":"https:\/\/latifakiryacademy.com\/ar\/"},{"@type":"ListItem","position":2,"name":"Consultaion"}]},{"@type":"WebSite","@id":"https:\/\/latifakiryacademy.com\/#website","url":"https:\/\/latifakiryacademy.com\/","name":"Latifa KIRY Coach","description":"Eveil de conscience et de connaissance de soi","publisher":{"@id":"https:\/\/latifakiryacademy.com\/#\/schema\/person\/97d0a38f07bbc492bcc3c4125e720545"},"potentialAction":[{"@type":"SearchAction","target":{"@type":"EntryPoint","urlTemplate":"https:\/\/latifakiryacademy.com\/?s={search_term_string}"},"query-input":{"@type":"PropertyValueSpecification","valueRequired":true,"valueName":"search_term_string"}}],"inLanguage":"ary"},{"@type":["Person","Organization"],"@id":"https:\/\/latifakiryacademy.com\/#\/schema\/person\/97d0a38f07bbc492bcc3c4125e720545","name":"latifa kiry","image":{"@type":"ImageObject","inLanguage":"ary","@id":"https:\/\/latifakiryacademy.com\/#\/schema\/person\/image\/","url":"https:\/\/secure.gravatar.com\/avatar\/4fe4c0ca4749e6d211aec4e8f83a99e35730c14e397c459f90d24ade51f3202a?s=96&d=mm&r=g","contentUrl":"https:\/\/secure.gravatar.com\/avatar\/4fe4c0ca4749e6d211aec4e8f83a99e35730c14e397c459f90d24ade51f3202a?s=96&d=mm&r=g","caption":"latifa kiry"},"logo":{"@id":"https:\/\/latifakiryacademy.com\/#\/schema\/person\/image\/"},"sameAs":["https:\/\/latifakiryacademy.com","https:\/\/web.facebook.com\/CoachLatifaKIRY","https:\/\/www.instagram.com\/latifakirycoach","https:\/\/www.youtube.com\/@LatifaKiryCoach\/"]}]}},"_links":{"self":[{"href":"https:\/\/latifakiryacademy.com\/ar\/wp-json\/wp\/v2\/pages\/2495","targetHints":{"allow":["GET"]}}],"collection":[{"href":"https:\/\/latifakiryacademy.com\/ar\/wp-json\/wp\/v2\/pages"}],"about":[{"href":"https:\/\/latifakiryacademy.com\/ar\/wp-json\/wp\/v2\/types\/page"}],"author":[{"embeddable":true,"href":"https:\/\/latifakiryacademy.com\/ar\/wp-json\/wp\/v2\/users\/1"}],"replies":[{"embeddable":true,"href":"https:\/\/latifakiryacademy.com\/ar\/wp-json\/wp\/v2\/comments?post=2495"}],"version-history":[{"count":19,"href":"https:\/\/latifakiryacademy.com\/ar\/wp-json\/wp\/v2\/pages\/2495\/revisions"}],"predecessor-version":[{"id":2602,"href":"https:\/\/latifakiryacademy.com\/ar\/wp-json\/wp\/v2\/pages\/2495\/revisions\/2602"}],"wp:attachment":[{"href":"https:\/\/latifakiryacademy.com\/ar\/wp-json\/wp\/v2\/media?parent=2495"}],"curies":[{"name":"wp","href":"https:\/\/api.w.org\/{rel}","templated":true}]}}