{"id":144,"date":"2021-09-11T17:43:12","date_gmt":"2021-09-11T17:43:12","guid":{"rendered":"https:\/\/latifakiry.zakariachakir.club\/?page_id=144"},"modified":"2024-01-22T17:08:41","modified_gmt":"2024-01-22T17:08:41","slug":"blog","status":"publish","type":"page","link":"https:\/\/latifakiryacademy.com\/ar\/blog\/","title":{"rendered":"\u0645\u0642\u0627\u0644\u0627\u062a"},"content":{"rendered":"<div data-elementor-type=\"wp-page\" data-elementor-id=\"144\" class=\"elementor elementor-144\" data-elementor-post-type=\"page\">\n\t\t\t\t\t\t<section class=\"elementor-section elementor-top-section elementor-element elementor-element-6b03a2c7 elementor-section-boxed elementor-section-height-default elementor-section-height-default\" data-id=\"6b03a2c7\" data-element_type=\"section\">\n\t\t\t\t\t\t<div class=\"elementor-container elementor-column-gap-default\">\n\t\t\t\t\t<div class=\"elementor-column elementor-col-100 elementor-top-column elementor-element elementor-element-77cf9cd2\" data-id=\"77cf9cd2\" data-element_type=\"column\" data-settings=\"{&quot;background_background&quot;:&quot;classic&quot;}\">\n\t\t\t<div class=\"elementor-widget-wrap elementor-element-populated\">\n\t\t\t\t\t\t<section class=\"elementor-section elementor-inner-section elementor-element elementor-element-4da9f052 elementor-section-boxed elementor-section-height-default elementor-section-height-default\" data-id=\"4da9f052\" data-element_type=\"section\">\n\t\t\t\t\t\t<div class=\"elementor-container elementor-column-gap-no\">\n\t\t\t\t\t<div class=\"elementor-column elementor-col-100 elementor-inner-column elementor-element elementor-element-61870d51\" data-id=\"61870d51\" data-element_type=\"column\">\n\t\t\t<div class=\"elementor-widget-wrap elementor-element-populated\">\n\t\t\t\t\t\t<div class=\"elementor-element elementor-element-f6e4519 elementor-widget elementor-widget-heading\" data-id=\"f6e4519\" data-element_type=\"widget\" data-widget_type=\"heading.default\">\n\t\t\t\t<div class=\"elementor-widget-container\">\n\t\t\t\t\t<h2 class=\"elementor-heading-title elementor-size-default\">M\u00e9taphore <\/h2>\t\t\t\t<\/div>\n\t\t\t\t<\/div>\n\t\t\t\t<div class=\"elementor-element elementor-element-6a5ac0c7 elementor-widget-divider--view-line elementor-widget elementor-widget-divider\" data-id=\"6a5ac0c7\" data-element_type=\"widget\" data-widget_type=\"divider.default\">\n\t\t\t\t<div class=\"elementor-widget-container\">\n\t\t\t\t\t\t\t<div class=\"elementor-divider\">\n\t\t\t<span class=\"elementor-divider-separator\">\n\t\t\t\t\t\t<\/span>\n\t\t<\/div>\n\t\t\t\t\t\t<\/div>\n\t\t\t\t<\/div>\n\t\t\t\t<div class=\"elementor-element elementor-element-74f69f9c elementor-grid-1 elementor-posts--thumbnail-left elementor-posts--align-left elementor-grid-tablet-1 elementor-hidden-mobile elementor-grid-mobile-1 elementor-widget elementor-widget-posts\" data-id=\"74f69f9c\" data-element_type=\"widget\" data-settings=\"{&quot;classic_columns&quot;:&quot;1&quot;,&quot;classic_row_gap&quot;:{&quot;unit&quot;:&quot;px&quot;,&quot;size&quot;:64,&quot;sizes&quot;:[]},&quot;classic_columns_tablet&quot;:&quot;1&quot;,&quot;classic_columns_mobile&quot;:&quot;1&quot;,&quot;classic_row_gap_tablet&quot;:{&quot;unit&quot;:&quot;px&quot;,&quot;size&quot;:&quot;&quot;,&quot;sizes&quot;:[]},&quot;classic_row_gap_mobile&quot;:{&quot;unit&quot;:&quot;px&quot;,&quot;size&quot;:&quot;&quot;,&quot;sizes&quot;:[]}}\" data-widget_type=\"posts.classic\">\n\t\t\t\t<div class=\"elementor-widget-container\">\n\t\t\t\t\t\t\t<div class=\"elementor-posts-container elementor-posts elementor-posts--skin-classic elementor-grid\">\n\t\t\t\t<article class=\"elementor-post elementor-grid-item post-101 post type-post status-publish format-standard has-post-thumbnail hentry category-outils-et-livres\">\n\t\t\t\t<a class=\"elementor-post__thumbnail__link\" href=\"https:\/\/latifakiryacademy.com\/ar\/hello-world-2\/\" tabindex=\"-1\" >\n\t\t\t<div class=\"elementor-post__thumbnail\"><img fetchpriority=\"high\" decoding=\"async\" width=\"300\" height=\"288\" src=\"https:\/\/latifakiryacademy.com\/wp-content\/uploads\/2021\/09\/pnl-300x288-1-1.png\" class=\"attachment-full size-full wp-image-295\" alt=\"\" \/><\/div>\n\t\t<\/a>\n\t\t\t\t<div class=\"elementor-post__text\">\n\t\t\t\t<h1 class=\"elementor-post__title\">\n\t\t\t<a href=\"https:\/\/latifakiryacademy.com\/ar\/hello-world-2\/\" >\n\t\t\t\tProgrammation Neurolinguistique\t\t\t<\/a>\n\t\t<\/h1>\n\t\t\t\t<div class=\"elementor-post__meta-data\">\n\t\t\t\t\t<span class=\"elementor-post-date\">\n\t\t\t\u0634\u062a\u0646\u0628\u0631 2, 2021\t\t<\/span>\n\t\t\t\t<\/div>\n\t\t\t\t<div class=\"elementor-post__excerpt\">\n\t\t\t<p>La PNL n\u2019est absolument pas une technique invent\u00e9e pour vendre des photocopieurs, manipuler ses adversaires, rep\u00e9rer les menteurs ou gagner le c\u0153ur de l\u2019\u00eatre aim\u00e9 \u00e0 tout prix!! Le terme PNL (ou Programmation Neuro-Linguistique) d\u00e9crit comment les interactions entre la pens\u00e9e (Neuro) et le langage (Linguistique) organisent le fonctionnement de notre corps et de nos comportements (Programmation) et les r\u00e9sultats que nous obtenons.<\/p>\n\t\t<\/div>\n\t\t\n\t\t<a class=\"elementor-post__read-more\" href=\"https:\/\/latifakiryacademy.com\/ar\/hello-world-2\/\" aria-label=\"Read more about Programmation Neurolinguistique\" tabindex=\"-1\" >\n\t\t\tLire la suite \u00bb\t\t<\/a>\n\n\t\t\t\t<\/div>\n\t\t\t\t<\/article>\n\t\t\t\t<article class=\"elementor-post elementor-grid-item post-150 post type-post status-publish format-standard has-post-thumbnail hentry category-outils-et-livres\">\n\t\t\t\t<a class=\"elementor-post__thumbnail__link\" href=\"https:\/\/latifakiryacademy.com\/ar\/managers-comment-rendre-votre-equipe-plus-intelligente\/\" tabindex=\"-1\" >\n\t\t\t<div class=\"elementor-post__thumbnail\"><img decoding=\"async\" width=\"600\" height=\"489\" src=\"https:\/\/latifakiryacademy.com\/wp-content\/uploads\/2021\/09\/Histoire-des-aveugles.jpg\" class=\"attachment-full size-full wp-image-2310\" alt=\"\" srcset=\"https:\/\/latifakiryacademy.com\/wp-content\/uploads\/2021\/09\/Histoire-des-aveugles.jpg 600w, https:\/\/latifakiryacademy.com\/wp-content\/uploads\/2021\/09\/Histoire-des-aveugles-300x245.jpg 300w\" sizes=\"(max-width: 600px) 100vw, 600px\" \/><\/div>\n\t\t<\/a>\n\t\t\t\t<div class=\"elementor-post__text\">\n\t\t\t\t<h1 class=\"elementor-post__title\">\n\t\t\t<a href=\"https:\/\/latifakiryacademy.com\/ar\/managers-comment-rendre-votre-equipe-plus-intelligente\/\" >\n\t\t\t\tHistoire des aveugles et de l\u2019\u00e9l\u00e9phant\t\t\t<\/a>\n\t\t<\/h1>\n\t\t\t\t<div class=\"elementor-post__meta-data\">\n\t\t\t\t\t<span class=\"elementor-post-date\">\n\t\t\t\u0634\u062a\u0646\u0628\u0631 11, 2021\t\t<\/span>\n\t\t\t\t<\/div>\n\t\t\t\t<div class=\"elementor-post__excerpt\">\n\t\t\t<p>Cette m\u00e9taphore attire notre vigilance sur nos biais de perception, et la confusion mentale que ces biais peuvent g\u00e9n\u00e9rer. C\u2019est une m\u00e9taphore qui souligne la singularit\u00e9 de chacun et les diff\u00e9rences de point de vue que l\u2019on peut avoir sur une situation.<\/p>\n\t\t<\/div>\n\t\t\n\t\t<a class=\"elementor-post__read-more\" href=\"https:\/\/latifakiryacademy.com\/ar\/managers-comment-rendre-votre-equipe-plus-intelligente\/\" aria-label=\"Read more about Histoire des aveugles et de l\u2019\u00e9l\u00e9phant\" tabindex=\"-1\" >\n\t\t\tLire la suite \u00bb\t\t<\/a>\n\n\t\t\t\t<\/div>\n\t\t\t\t<\/article>\n\t\t\t\t<\/div>\n\t\t\n\t\t\t\t\t\t<\/div>\n\t\t\t\t<\/div>\n\t\t\t\t<div class=\"elementor-element elementor-element-a4d8fc7 elementor-hidden-desktop elementor-hidden-tablet elementor-grid-3 elementor-grid-tablet-2 elementor-grid-mobile-1 elementor-posts--thumbnail-top elementor-card-shadow-yes elementor-posts__hover-gradient elementor-widget elementor-widget-posts\" data-id=\"a4d8fc7\" data-element_type=\"widget\" data-settings=\"{&quot;cards_columns&quot;:&quot;3&quot;,&quot;cards_columns_tablet&quot;:&quot;2&quot;,&quot;cards_columns_mobile&quot;:&quot;1&quot;,&quot;cards_row_gap&quot;:{&quot;unit&quot;:&quot;px&quot;,&quot;size&quot;:35,&quot;sizes&quot;:[]},&quot;cards_row_gap_tablet&quot;:{&quot;unit&quot;:&quot;px&quot;,&quot;size&quot;:&quot;&quot;,&quot;sizes&quot;:[]},&quot;cards_row_gap_mobile&quot;:{&quot;unit&quot;:&quot;px&quot;,&quot;size&quot;:&quot;&quot;,&quot;sizes&quot;:[]}}\" data-widget_type=\"posts.cards\">\n\t\t\t\t<div class=\"elementor-widget-container\">\n\t\t\t\t\t\t\t<div class=\"elementor-posts-container elementor-posts elementor-posts--skin-cards elementor-grid\">\n\t\t\t\t<article class=\"elementor-post elementor-grid-item post-101 post type-post status-publish format-standard has-post-thumbnail hentry category-outils-et-livres\">\n\t\t\t<div class=\"elementor-post__card\">\n\t\t\t\t<a class=\"elementor-post__thumbnail__link\" href=\"https:\/\/latifakiryacademy.com\/ar\/hello-world-2\/\" tabindex=\"-1\" ><div class=\"elementor-post__thumbnail\"><img fetchpriority=\"high\" decoding=\"async\" width=\"300\" height=\"288\" src=\"https:\/\/latifakiryacademy.com\/wp-content\/uploads\/2021\/09\/pnl-300x288-1-1.png\" class=\"attachment-full size-full wp-image-295\" alt=\"\" \/><\/div><\/a>\n\t\t\t\t<div class=\"elementor-post__text\">\n\t\t\t\t<h3 class=\"elementor-post__title\">\n\t\t\t<a href=\"https:\/\/latifakiryacademy.com\/ar\/hello-world-2\/\" >\n\t\t\t\tProgrammation Neurolinguistique\t\t\t<\/a>\n\t\t<\/h3>\n\t\t\t\t<div class=\"elementor-post__excerpt\">\n\t\t\t<p>La PNL n\u2019est absolument pas une technique invent\u00e9e pour vendre des photocopieurs, manipuler ses adversaires, rep\u00e9rer les menteurs ou gagner le c\u0153ur de l\u2019\u00eatre aim\u00e9 \u00e0 tout prix!! Le terme PNL (ou Programmation Neuro-Linguistique) d\u00e9crit comment les interactions entre la pens\u00e9e (Neuro) et le langage (Linguistique) organisent le fonctionnement de notre corps et de nos comportements (Programmation) et les r\u00e9sultats que nous obtenons.<\/p>\n\t\t<\/div>\n\t\t\t\t<\/div>\n\t\t\t\t<div class=\"elementor-post__meta-data\">\n\t\t\t\t\t<span class=\"elementor-post-date\">\n\t\t\t\u0634\u062a\u0646\u0628\u0631 2, 2021\t\t<\/span>\n\t\t\t\t<span class=\"elementor-post-avatar\">\n\t\t\t\u062a\u0639\u0644\u064a\u0642 \u0648\u0627\u062d\u062f\t\t<\/span>\n\t\t\t\t<\/div>\n\t\t\t\t\t<\/div>\n\t\t<\/article>\n\t\t\t\t<article class=\"elementor-post elementor-grid-item post-150 post type-post status-publish format-standard has-post-thumbnail hentry category-outils-et-livres\">\n\t\t\t<div class=\"elementor-post__card\">\n\t\t\t\t<a class=\"elementor-post__thumbnail__link\" href=\"https:\/\/latifakiryacademy.com\/ar\/managers-comment-rendre-votre-equipe-plus-intelligente\/\" tabindex=\"-1\" ><div class=\"elementor-post__thumbnail\"><img decoding=\"async\" width=\"600\" height=\"489\" src=\"https:\/\/latifakiryacademy.com\/wp-content\/uploads\/2021\/09\/Histoire-des-aveugles.jpg\" class=\"attachment-full size-full wp-image-2310\" alt=\"\" srcset=\"https:\/\/latifakiryacademy.com\/wp-content\/uploads\/2021\/09\/Histoire-des-aveugles.jpg 600w, https:\/\/latifakiryacademy.com\/wp-content\/uploads\/2021\/09\/Histoire-des-aveugles-300x245.jpg 300w\" sizes=\"(max-width: 600px) 100vw, 600px\" \/><\/div><\/a>\n\t\t\t\t<div class=\"elementor-post__text\">\n\t\t\t\t<h3 class=\"elementor-post__title\">\n\t\t\t<a href=\"https:\/\/latifakiryacademy.com\/ar\/managers-comment-rendre-votre-equipe-plus-intelligente\/\" >\n\t\t\t\tHistoire des aveugles et de l\u2019\u00e9l\u00e9phant\t\t\t<\/a>\n\t\t<\/h3>\n\t\t\t\t<div class=\"elementor-post__excerpt\">\n\t\t\t<p>Cette m\u00e9taphore attire notre vigilance sur nos biais de perception, et la confusion mentale que ces biais peuvent g\u00e9n\u00e9rer. C\u2019est une m\u00e9taphore qui souligne la singularit\u00e9 de chacun et les diff\u00e9rences de point de vue que l\u2019on peut avoir sur une situation.<\/p>\n\t\t<\/div>\n\t\t\t\t<\/div>\n\t\t\t\t<div class=\"elementor-post__meta-data\">\n\t\t\t\t\t<span class=\"elementor-post-date\">\n\t\t\t\u0634\u062a\u0646\u0628\u0631 11, 2021\t\t<\/span>\n\t\t\t\t<span class=\"elementor-post-avatar\">\n\t\t\t\u0644\u0627 \u062a\u0648\u062c\u062f \u062a\u0639\u0644\u064a\u0642\u0627\u062a\t\t<\/span>\n\t\t\t\t<\/div>\n\t\t\t\t\t<\/div>\n\t\t<\/article>\n\t\t\t\t<\/div>\n\t\t\n\t\t\t\t\t\t<\/div>\n\t\t\t\t<\/div>\n\t\t\t\t\t<\/div>\n\t\t<\/div>\n\t\t\t\t\t<\/div>\n\t\t<\/section>\n\t\t\t\t\t<\/div>\n\t\t<\/div>\n\t\t\t\t\t<\/div>\n\t\t<\/section>\n\t\t\t\t<\/div>","protected":false},"excerpt":{"rendered":"<p>M\u00e9taphore<\/p>","protected":false},"author":2,"featured_media":0,"parent":0,"menu_order":0,"comment_status":"closed","ping_status":"closed","template":"elementor_header_footer","meta":{"footnotes":""},"class_list":["post-144","page","type-page","status-publish","hentry"],"yoast_head":"<!-- This site is optimized with the Yoast SEO plugin v25.2 - https:\/\/yoast.com\/wordpress\/plugins\/seo\/ -->\n<title>Blog - Latifa KIRY Coach<\/title>\n<meta name=\"robots\" content=\"index, follow, max-snippet:-1, max-image-preview:large, max-video-preview:-1\" \/>\n<link rel=\"canonical\" href=\"https:\/\/latifakiryacademy.com\/ar\/blog\/\" \/>\n<meta property=\"og:locale\" content=\"ar_AR\" \/>\n<meta property=\"og:type\" content=\"article\" \/>\n<meta property=\"og:title\" content=\"Blog - Latifa KIRY Coach\" \/>\n<meta property=\"og:description\" content=\"M\u00e9taphore\" \/>\n<meta property=\"og:url\" content=\"https:\/\/latifakiryacademy.com\/ar\/blog\/\" \/>\n<meta property=\"og:site_name\" content=\"Latifa KIRY Coach\" \/>\n<meta property=\"article:publisher\" content=\"https:\/\/web.facebook.com\/CoachLatifaKIRY\" \/>\n<meta property=\"article:modified_time\" content=\"2024-01-22T17:08:41+00:00\" \/>\n<meta name=\"twitter:card\" content=\"summary_large_image\" \/>\n<meta name=\"twitter:label1\" content=\"Est. reading time\" \/>\n\t<meta name=\"twitter:data1\" content=\"3 minutes\" \/>\n<script type=\"application\/ld+json\" class=\"yoast-schema-graph\">{\"@context\":\"https:\/\/schema.org\",\"@graph\":[{\"@type\":\"WebPage\",\"@id\":\"https:\/\/latifakiryacademy.com\/ar\/blog\/\",\"url\":\"https:\/\/latifakiryacademy.com\/ar\/blog\/\",\"name\":\"Blog - Latifa KIRY Coach\",\"isPartOf\":{\"@id\":\"https:\/\/latifakiryacademy.com\/#website\"},\"datePublished\":\"2021-09-11T17:43:12+00:00\",\"dateModified\":\"2024-01-22T17:08:41+00:00\",\"breadcrumb\":{\"@id\":\"https:\/\/latifakiryacademy.com\/ar\/blog\/#breadcrumb\"},\"inLanguage\":\"ary\",\"potentialAction\":[{\"@type\":\"ReadAction\",\"target\":[\"https:\/\/latifakiryacademy.com\/ar\/blog\/\"]}]},{\"@type\":\"BreadcrumbList\",\"@id\":\"https:\/\/latifakiryacademy.com\/ar\/blog\/#breadcrumb\",\"itemListElement\":[{\"@type\":\"ListItem\",\"position\":1,\"name\":\"Accueil\",\"item\":\"https:\/\/latifakiryacademy.com\/ar\/\"},{\"@type\":\"ListItem\",\"position\":2,\"name\":\"Blog\"}]},{\"@type\":\"WebSite\",\"@id\":\"https:\/\/latifakiryacademy.com\/#website\",\"url\":\"https:\/\/latifakiryacademy.com\/\",\"name\":\"Latifa KIRY Coach\",\"description\":\"Eveil de conscience et de connaissance de soi\",\"publisher\":{\"@id\":\"https:\/\/latifakiryacademy.com\/#\/schema\/person\/97d0a38f07bbc492bcc3c4125e720545\"},\"potentialAction\":[{\"@type\":\"SearchAction\",\"target\":{\"@type\":\"EntryPoint\",\"urlTemplate\":\"https:\/\/latifakiryacademy.com\/?s={search_term_string}\"},\"query-input\":{\"@type\":\"PropertyValueSpecification\",\"valueRequired\":true,\"valueName\":\"search_term_string\"}}],\"inLanguage\":\"ary\"},{\"@type\":[\"Person\",\"Organization\"],\"@id\":\"https:\/\/latifakiryacademy.com\/#\/schema\/person\/97d0a38f07bbc492bcc3c4125e720545\",\"name\":\"latifa kiry\",\"image\":{\"@type\":\"ImageObject\",\"inLanguage\":\"ary\",\"@id\":\"https:\/\/latifakiryacademy.com\/#\/schema\/person\/image\/\",\"url\":\"https:\/\/secure.gravatar.com\/avatar\/4fe4c0ca4749e6d211aec4e8f83a99e35730c14e397c459f90d24ade51f3202a?s=96&d=mm&r=g\",\"contentUrl\":\"https:\/\/secure.gravatar.com\/avatar\/4fe4c0ca4749e6d211aec4e8f83a99e35730c14e397c459f90d24ade51f3202a?s=96&d=mm&r=g\",\"caption\":\"latifa kiry\"},\"logo\":{\"@id\":\"https:\/\/latifakiryacademy.com\/#\/schema\/person\/image\/\"},\"sameAs\":[\"https:\/\/latifakiryacademy.com\",\"https:\/\/web.facebook.com\/CoachLatifaKIRY\",\"https:\/\/www.instagram.com\/latifakirycoach\",\"https:\/\/www.youtube.com\/@LatifaKiryCoach\/\"]}]}<\/script>\n<!-- \/ Yoast SEO plugin. -->","yoast_head_json":{"title":"Blog - Latifa KIRY Coach","robots":{"index":"index","follow":"follow","max-snippet":"max-snippet:-1","max-image-preview":"max-image-preview:large","max-video-preview":"max-video-preview:-1"},"canonical":"https:\/\/latifakiryacademy.com\/ar\/blog\/","og_locale":"ar_AR","og_type":"article","og_title":"Blog - Latifa KIRY Coach","og_description":"M\u00e9taphore","og_url":"https:\/\/latifakiryacademy.com\/ar\/blog\/","og_site_name":"Latifa KIRY Coach","article_publisher":"https:\/\/web.facebook.com\/CoachLatifaKIRY","article_modified_time":"2024-01-22T17:08:41+00:00","twitter_card":"summary_large_image","twitter_misc":{"Est. reading time":"3 minutes"},"schema":{"@context":"https:\/\/schema.org","@graph":[{"@type":"WebPage","@id":"https:\/\/latifakiryacademy.com\/ar\/blog\/","url":"https:\/\/latifakiryacademy.com\/ar\/blog\/","name":"Blog - Latifa KIRY Coach","isPartOf":{"@id":"https:\/\/latifakiryacademy.com\/#website"},"datePublished":"2021-09-11T17:43:12+00:00","dateModified":"2024-01-22T17:08:41+00:00","breadcrumb":{"@id":"https:\/\/latifakiryacademy.com\/ar\/blog\/#breadcrumb"},"inLanguage":"ary","potentialAction":[{"@type":"ReadAction","target":["https:\/\/latifakiryacademy.com\/ar\/blog\/"]}]},{"@type":"BreadcrumbList","@id":"https:\/\/latifakiryacademy.com\/ar\/blog\/#breadcrumb","itemListElement":[{"@type":"ListItem","position":1,"name":"Accueil","item":"https:\/\/latifakiryacademy.com\/ar\/"},{"@type":"ListItem","position":2,"name":"Blog"}]},{"@type":"WebSite","@id":"https:\/\/latifakiryacademy.com\/#website","url":"https:\/\/latifakiryacademy.com\/","name":"Latifa KIRY Coach","description":"Eveil de conscience et de connaissance de soi","publisher":{"@id":"https:\/\/latifakiryacademy.com\/#\/schema\/person\/97d0a38f07bbc492bcc3c4125e720545"},"potentialAction":[{"@type":"SearchAction","target":{"@type":"EntryPoint","urlTemplate":"https:\/\/latifakiryacademy.com\/?s={search_term_string}"},"query-input":{"@type":"PropertyValueSpecification","valueRequired":true,"valueName":"search_term_string"}}],"inLanguage":"ary"},{"@type":["Person","Organization"],"@id":"https:\/\/latifakiryacademy.com\/#\/schema\/person\/97d0a38f07bbc492bcc3c4125e720545","name":"latifa kiry","image":{"@type":"ImageObject","inLanguage":"ary","@id":"https:\/\/latifakiryacademy.com\/#\/schema\/person\/image\/","url":"https:\/\/secure.gravatar.com\/avatar\/4fe4c0ca4749e6d211aec4e8f83a99e35730c14e397c459f90d24ade51f3202a?s=96&d=mm&r=g","contentUrl":"https:\/\/secure.gravatar.com\/avatar\/4fe4c0ca4749e6d211aec4e8f83a99e35730c14e397c459f90d24ade51f3202a?s=96&d=mm&r=g","caption":"latifa kiry"},"logo":{"@id":"https:\/\/latifakiryacademy.com\/#\/schema\/person\/image\/"},"sameAs":["https:\/\/latifakiryacademy.com","https:\/\/web.facebook.com\/CoachLatifaKIRY","https:\/\/www.instagram.com\/latifakirycoach","https:\/\/www.youtube.com\/@LatifaKiryCoach\/"]}]}},"_links":{"self":[{"href":"https:\/\/latifakiryacademy.com\/ar\/wp-json\/wp\/v2\/pages\/144","targetHints":{"allow":["GET"]}}],"collection":[{"href":"https:\/\/latifakiryacademy.com\/ar\/wp-json\/wp\/v2\/pages"}],"about":[{"href":"https:\/\/latifakiryacademy.com\/ar\/wp-json\/wp\/v2\/types\/page"}],"author":[{"embeddable":true,"href":"https:\/\/latifakiryacademy.com\/ar\/wp-json\/wp\/v2\/users\/2"}],"replies":[{"embeddable":true,"href":"https:\/\/latifakiryacademy.com\/ar\/wp-json\/wp\/v2\/comments?post=144"}],"version-history":[{"count":24,"href":"https:\/\/latifakiryacademy.com\/ar\/wp-json\/wp\/v2\/pages\/144\/revisions"}],"predecessor-version":[{"id":2490,"href":"https:\/\/latifakiryacademy.com\/ar\/wp-json\/wp\/v2\/pages\/144\/revisions\/2490"}],"wp:attachment":[{"href":"https:\/\/latifakiryacademy.com\/ar\/wp-json\/wp\/v2\/media?parent=144"}],"curies":[{"name":"wp","href":"https:\/\/api.w.org\/{rel}","templated":true}]}}