{"id":104,"date":"2021-09-02T23:32:32","date_gmt":"2021-09-02T23:32:32","guid":{"rendered":"https:\/\/latifakiry.zakariachakir.club\/?page_id=14"},"modified":"2026-03-03T11:01:06","modified_gmt":"2026-03-03T11:01:06","slug":"accueil","status":"publish","type":"page","link":"https:\/\/latifakiryacademy.com\/ar\/","title":{"rendered":"Accueil"},"content":{"rendered":"<div data-elementor-type=\"wp-page\" data-elementor-id=\"104\" class=\"elementor elementor-104\" data-elementor-post-type=\"page\">\n\t\t\t\t\t\t<section class=\"elementor-section elementor-top-section elementor-element elementor-element-7349c783 elementor-section-boxed elementor-section-height-default elementor-section-height-default\" data-id=\"7349c783\" data-element_type=\"section\">\n\t\t\t\t\t\t<div class=\"elementor-container elementor-column-gap-default\">\n\t\t\t\t\t<div class=\"elementor-column elementor-col-100 elementor-top-column elementor-element elementor-element-707630f8\" data-id=\"707630f8\" data-element_type=\"column\">\n\t\t\t<div class=\"elementor-widget-wrap elementor-element-populated\">\n\t\t\t\t\t\t<section class=\"elementor-section elementor-inner-section elementor-element elementor-element-282c9d83 elementor-reverse-tablet elementor-section-boxed elementor-section-height-default elementor-section-height-default\" data-id=\"282c9d83\" data-element_type=\"section\">\n\t\t\t\t\t\t<div class=\"elementor-container elementor-column-gap-default\">\n\t\t\t\t\t<div class=\"elementor-column elementor-col-50 elementor-inner-column elementor-element elementor-element-7993c3b0 imgsection\" data-id=\"7993c3b0\" data-element_type=\"column\" data-settings=\"{&quot;background_background&quot;:&quot;classic&quot;}\">\n\t\t\t<div class=\"elementor-widget-wrap\">\n\t\t\t\t\t\t\t<\/div>\n\t\t<\/div>\n\t\t\t\t<div class=\"elementor-column elementor-col-50 elementor-inner-column elementor-element elementor-element-3aafa0ca\" data-id=\"3aafa0ca\" data-element_type=\"column\">\n\t\t\t<div class=\"elementor-widget-wrap elementor-element-populated\">\n\t\t\t\t\t\t<div class=\"elementor-element elementor-element-4b37fcfc elementor-widget elementor-widget-text-editor\" data-id=\"4b37fcfc\" data-element_type=\"widget\" data-widget_type=\"text-editor.default\">\n\t\t\t\t<div class=\"elementor-widget-container\">\n\t\t\t\t\t\t\t\t\t<p>\"\u0627\u0644\u062c\u0646\u0648\u0646 \u0627\u0644\u062d\u0642\u064a\u0642\u064a \u0647\u0648 \u0623\u0646 \u062a\u062a\u0635\u0631\u0641 \u062f\u0627\u0626\u0645\u064b\u0627 \u0628\u0646\u0641\u0633 \u0627\u0644\u0637\u0631\u064a\u0642\u0629 \u0648\u062a\u062a\u0648\u0642\u0639 \u0646\u062a\u064a\u062c\u0629 \u0645\u062e\u062a\u0644\u0641\u0629\" - \u0623\u0644\u0628\u0631\u062a \u0623\u064a\u0646\u0634\u062a\u0627\u064a\u0646<\/p><p>\u063a\u0627\u064a\u062a\u064a \u0647\u064a \u0623\u0646 \u0623\u0643\u0648\u0646 \u0628\u062c\u0627\u0646\u0628\u0643\u060c \u0648\u0623\u0646 \u0623\u0631\u0627\u0641\u0642\u0643 \u0641\u064a \u0627\u0644\u0627\u062a\u0635\u0627\u0644 \u0628\u0625\u0645\u0643\u0627\u0646\u0627\u062a\u0643\u00a0<span style=\"font-family: Wingdings;\">J<\/span><\/p>\t\t\t\t\t\t\t\t<\/div>\n\t\t\t\t<\/div>\n\t\t\t\t<div class=\"elementor-element elementor-element-38fee36d elementor-widget elementor-widget-text-editor\" data-id=\"38fee36d\" data-element_type=\"widget\" data-widget_type=\"text-editor.default\">\n\t\t\t\t<div class=\"elementor-widget-container\">\n\t\t\t\t\t\t\t\t\t<p class=\"MsoNormal\">\u0644\u062a\u062c\u0631\u0624 \u0639\u0644\u0649 \u0627\u0644\u062a\u063a\u064a\u064a\u0631 \u0648\u062a\u0639\u0645\u0644 \u0628\u0634\u0643\u0644 \u0645\u062e\u062a\u0644\u0641 \u0644\u062a\u062d\u0642\u064a\u0642 \u0623\u0647\u062f\u0627\u0641\u0643<\/p><p class=\"MsoNormal\">\u0646\u064a\u062a\u064a \u0627\u0644\u0642\u0648\u064a\u0629 \u0647\u064a \u0645\u0633\u0627\u0639\u062f\u062a\u0643 \u0641\u064a \u062a\u062d\u062f\u064a\u062f \u0648\u062a\u0646\u0641\u064a\u0630 \u0627\u0644\u062a\u063a\u064a\u064a\u0631 \u0627\u0644\u0630\u064a \u0633\u064a\u062d\u062f\u062b \u0627\u0644\u0641\u0627\u0631\u0642 \u0641\u064a \u062d\u064a\u0627\u062a\u0643<\/p>\t\t\t\t\t\t\t\t<\/div>\n\t\t\t\t<\/div>\n\t\t\t\t<div class=\"elementor-element elementor-element-22c5a588 elementor-widget elementor-widget-text-editor\" data-id=\"22c5a588\" data-element_type=\"widget\" data-widget_type=\"text-editor.default\">\n\t\t\t\t<div class=\"elementor-widget-container\">\n\t\t\t\t\t\t\t\t\t<p class=\"\">\u0644\u062f\u064a \u0623\u0643\u062b\u0631 \u0645\u0646 20 \u0639\u0627\u0645\u064b\u0627 \u0645\u0646 \u0627\u0644\u062e\u0628\u0631\u0629 \u0641\u064a \u0625\u062f\u0627\u0631\u0629 \u0627\u0644\u0645\u0634\u0627\u0631\u064a\u0639\u060c \u0648\u0645\u0646 \u0627\u0644\u0648\u0627\u0636\u062d \u0623\u0646 \u0627\u062a\u062c\u0627\u0647\u064a \u0646\u062d\u0648 \u0627\u0644\u0646\u062a\u0627\u0626\u062c \u064a\u0623\u062a\u064a \u0645\u0646 \u0647\u0646\u0627\u0643<\/p><p class=\"\">\u0644\u0630\u0627\u060c \u0647\u062f\u0641 \u0627\u0644\u0623\u062f\u0648\u0627\u062a \u0627\u0644\u062a\u064a \u0623\u0634\u0627\u0631\u0643\u0647\u0627 \u0641\u064a \u062c\u0644\u0633\u0627\u062a \u0627\u0644\u062a\u062f\u0631\u064a\u0628 \u0647\u0648 \u0645\u0633\u0627\u0639\u062f\u062a\u0643 \u0641\u064a \u062a\u062d\u062f\u064a\u062f \u0648\u062a\u0648\u0636\u064a\u062d \u0623\u0647\u062f\u0627\u0641\u0643\u060c \u0648\u062e\u0644\u0642 \u0627\u0644\u062a\u063a\u064a\u064a\u0631 \u0627\u0644\u0625\u064a\u062c\u0627\u0628\u064a \u0641\u064a \u062d\u064a\u0627\u062a\u0643.<\/p>\t\t\t\t\t\t\t\t<\/div>\n\t\t\t\t<\/div>\n\t\t\t\t\t<\/div>\n\t\t<\/div>\n\t\t\t\t\t<\/div>\n\t\t<\/section>\n\t\t\t\t<section class=\"elementor-section elementor-inner-section elementor-element elementor-element-5c87124 elementor-reverse-mobile elementor-section-boxed elementor-section-height-default elementor-section-height-default\" data-id=\"5c87124\" data-element_type=\"section\">\n\t\t\t\t\t\t<div class=\"elementor-container elementor-column-gap-default\">\n\t\t\t\t\t<div class=\"elementor-column elementor-col-50 elementor-inner-column elementor-element elementor-element-4639da8d\" data-id=\"4639da8d\" data-element_type=\"column\">\n\t\t\t<div class=\"elementor-widget-wrap elementor-element-populated\">\n\t\t\t\t\t\t<div class=\"elementor-element elementor-element-afeb6b6 elementor-widget elementor-widget-heading\" data-id=\"afeb6b6\" data-element_type=\"widget\" data-widget_type=\"heading.default\">\n\t\t\t\t<div class=\"elementor-widget-container\">\n\t\t\t\t\t<h2 class=\"elementor-heading-title elementor-size-default\">\u0646\u064a\u062a\u064a \u0627\u0644\u0642\u0648\u064a\u0629 <\/h2>\t\t\t\t<\/div>\n\t\t\t\t<\/div>\n\t\t\t\t<div class=\"elementor-element elementor-element-6787d155 elementor-widget-divider--view-line elementor-widget elementor-widget-divider\" data-id=\"6787d155\" data-element_type=\"widget\" data-widget_type=\"divider.default\">\n\t\t\t\t<div class=\"elementor-widget-container\">\n\t\t\t\t\t\t\t<div class=\"elementor-divider\">\n\t\t\t<span class=\"elementor-divider-separator\">\n\t\t\t\t\t\t<\/span>\n\t\t<\/div>\n\t\t\t\t\t\t<\/div>\n\t\t\t\t<\/div>\n\t\t\t\t<div class=\"elementor-element elementor-element-abea716 elementor-widget elementor-widget-text-editor\" data-id=\"abea716\" data-element_type=\"widget\" data-widget_type=\"text-editor.default\">\n\t\t\t\t<div class=\"elementor-widget-container\">\n\t\t\t\t\t\t\t\t\t\u0646\u064a\u062a\u064a \u0627\u0644\u0642\u0648\u064a\u0629 \u0628\u0627\u0644\u0646\u0633\u0628\u0629 \u0644\u0643 \u0647\u064a \u0623\u0646 \u064a\u0643\u0648\u0646 \u0647\u0646\u0627\u0643 \"\u0642\u0628\u0644\" \u0648 \"\u0628\u0639\u062f\" \u062c\u0644\u0633\u0627\u062a \u0627\u0644\u062a\u062f\u0631\u064a\u0628 \u0645\u0646 \u0648\u0627\u0642\u0639\u0643 \u0627\u0644\u062d\u0627\u0644\u064a \u0625\u0644\u0649 \u0646\u0633\u062e\u062a\u0643 \u0627\u0644\u0623\u0641\u0636\u0644.\t\t\t\t\t\t\t\t<\/div>\n\t\t\t\t<\/div>\n\t\t\t\t<div class=\"elementor-element elementor-element-364ffc7e elementor-widget elementor-widget-text-editor\" data-id=\"364ffc7e\" data-element_type=\"widget\" data-widget_type=\"text-editor.default\">\n\t\t\t\t<div class=\"elementor-widget-container\">\n\t\t\t\t\t\t\t\t\t<span style=\"font-weight: bolder;\">\u0645\u0646 \u0648\u0627\u0642\u0639\u0643 \u0627\u0644\u062d\u0627\u0644\u064a:<\/span>\n<ul>\n \t<li>- \u0639\u062f\u0645 \u0642\u062f\u0631\u062a\u0643 \u0639\u0644\u0649 \u0625\u064a\u062c\u0627\u062f \u0645\u0643\u0627\u0646\u0643.<\/li>\n \t<li>- \u0646\u0642\u0635 \u0627\u0644\u062b\u0642\u0629 \u0628\u0627\u0644\u0646\u0641\u0633: \u0641\u064a \u0646\u0641\u0633\u0643\u060c \u0648\u0641\u064a \u0627\u0644\u0622\u062e\u0631\u064a\u0646\u060c \u0648\u0641\u064a \u0627\u0644\u062d\u064a\u0627\u0629.<\/li>\n \t<li style=\"\">- \u0648\u062c\u0648\u062f \u0627\u0644\u0639\u062f\u064a\u062f \u0645\u0646 \u0627\u0644\u0645\u062e\u0627\u0648\u0641 \u0648\u0639\u062f\u0645 \u0627\u0644\u0627\u0637\u0645\u0626\u0646\u0627\u0646.<\/li>\n \t<li>- \u0642\u0636\u0627\u0621 \u0627\u0644\u0643\u062b\u064a\u0631 \u0645\u0646 \u0627\u0644\u0648\u0642\u062a \u0641\u064a \u0627\u0644\u062a\u0641\u0643\u064a\u0631 \u0648\u062a\u0635\u0648\u0631 \u062d\u064a\u0627\u062a\u0643 \u0628\u062f\u0644\u0627\u064b \u0645\u0646 \u062e\u0644\u0642\u0647\u0627.<\/li>\n \t<li>- \u0627\u0644\u0634\u0639\u0648\u0631 \u0628\u0623\u0646 \u062d\u064a\u0627\u062a\u0643 \u062a\u0641\u062a\u0642\u0631 \u0625\u0644\u0649 \u0627\u0644\u0646\u0643\u0647\u0629.<\/li>\n \t<li>- \u0648\u062c\u0648\u062f \u0631\u063a\u0628\u0627\u062a \u0648\u0623\u0647\u062f\u0627\u0641\u060c \u0648\u0644\u0643\u0646... \u0644\u0627 \u062a\u0633\u062a\u0637\u064a\u0639 \u062a\u062d\u0642\u064a\u0642\u0647\u0627.<\/li>\n<\/ul>\t\t\t\t\t\t\t\t<\/div>\n\t\t\t\t<\/div>\n\t\t\t\t<div class=\"elementor-element elementor-element-eaa339d elementor-widget elementor-widget-text-editor\" data-id=\"eaa339d\" data-element_type=\"widget\" data-widget_type=\"text-editor.default\">\n\t\t\t\t<div class=\"elementor-widget-container\">\n\t\t\t\t\t\t\t\t\t<p><span style=\"font-weight: bolder;\">\u0633\u062a\u062d\u0648\u0644 \u0648\u0627\u0642\u0639\u0643 \u0627\u0644\u062d\u0627\u0644\u064a \u0625\u0644\u0649 \u0646\u0633\u062e\u062a\u0643 \u0627\u0644\u0623\u0641\u0636\u0644 \u0639\u0646 \u0637\u0631\u064a\u0642:\u00a0<\/span><\/p><ul><li><span style=\"color: var( --e-global-color-8627492 ); background-color: var( --e-global-color-e43f455 );\">- \u0645\u0639\u0631\u0641\u0629 \u0645\u0646 \u062a\u0631\u064a\u062f \u0623\u0646 \u062a\u0643\u0648\u0646 \u0648\u0645\u0627 \u062a\u0631\u064a\u062f \u0623\u0646 \u062a\u0641\u0639\u0644.<\/span><\/li><li>- \u0627\u0645\u062a\u0644\u0627\u0643 \u0627\u0644\u0623\u062f\u0648\u0627\u062a \u0627\u0644\u0644\u0627\u0632\u0645\u0629 \u0644\u062a\u062d\u0642\u064a\u0642 \u0630\u0644\u0643.<\/li><li>- \u062d\u0628 \u0627\u0644\u0634\u062e\u0635 \u0627\u0644\u0630\u064a \u0623\u0646\u062a \u0639\u0644\u064a\u0647 \u0648\u0627\u0644\u062d\u064a\u0627\u0629.<\/li><li>- \u0627\u0644\u0642\u062f\u0631\u0629 \u0639\u0644\u0649 \u0627\u062a\u062e\u0627\u0630 \u0627\u0644\u0642\u0631\u0627\u0631\u0627\u062a \u0648\u062a\u062d\u0645\u0644 \u0645\u0633\u0624\u0648\u0644\u064a\u062a\u0647\u0627.<\/li><li>- \u0627\u0644\u0642\u062f\u0631\u0629 \u0639\u0644\u0649 \u0648\u0636\u0639 \u062d\u062f\u0648\u062f \u0635\u062d\u064a\u0629.\u00a0<\/li><li><span style=\"color: var( --e-global-color-8627492 ); background-color: var( --e-global-color-e43f455 );\">- \u0627\u0644\u0634\u0639\u0648\u0631 \u0628\u0627\u0644\u0627\u062a\u0635\u0627\u0644 \u0628\u0646\u0641\u0633\u0643 \u0648\u0628\u0627\u0644\u0622\u062e\u0631\u064a\u0646 \u0648\u0628\u0627\u0644\u062d\u064a\u0627\u0629.<\/span><\/li><li>- \u0623\u0646\u062a \u0627\u0644\u062e\u0627\u0644\u0642 \u0627\u0644\u0648\u0627\u0639\u064a \u0644\u062d\u064a\u0627\u062a\u0643.<\/li><\/ul><p>\u0628\u0631\u0646\u0627\u0645\u062c\u064a \u0644\u0644\u062a\u062f\u0631\u064a\u0628 \u0647\u0648 \u0628\u062f\u0627\u064a\u0629 \u062d\u0642\u064a\u0642\u064a\u0629 \u0648\u062c\u0645\u064a\u0644\u0629\u00a0<span style=\"font-weight: bold;\">\u0646\u062d\u0648 \u062d\u064a\u0627\u0629<\/span>\u00a0<span style=\"font-weight: bold;\">\u0645\u0644\u064a\u0626\u0629 \u0628\u0627\u0644\u0645\u0639\u0646\u0649 \u0648\u0627\u0644\u062b\u0631\u0627\u0621 \u0639\u0644\u0649 \u062c\u0645\u064a\u0639 \u0627\u0644\u0645\u0633\u062a\u0648\u064a\u0627\u062a\u060c \u062d\u064a\u062b \u064a\u062a\u0645 \u0627\u0633\u062a\u0628\u062f\u0627\u0644 \u0648\u0627\u0642\u0639\u0643 \u0627\u0644\u062d\u0627\u0644\u064a \u0625\u0644\u0649 \u0646\u0633\u062e\u062a\u0643 \u0627\u0644\u0623\u0641\u0636\u0644 \u0648\u0630\u0644\u0643 \u0639\u0646 \u0637\u0631\u064a\u0642 \u0623\u0647\u062f\u0627\u0641 \u0648\u0627\u0636\u062d\u0629 \u0645\u0639 \u062e\u0637\u0629 \u0639\u0645\u0644 \u0648\u0627\u0642\u0639\u064a\u0629.\u00a0<\/span><\/p>\t\t\t\t\t\t\t\t<\/div>\n\t\t\t\t<\/div>\n\t\t\t\t<div class=\"elementor-element elementor-element-6f59dce1 elementor-widget elementor-widget-text-editor\" data-id=\"6f59dce1\" data-element_type=\"widget\" data-widget_type=\"text-editor.default\">\n\t\t\t\t<div class=\"elementor-widget-container\">\n\t\t\t\t\t\t\t\t\t<p>\u0646\u064a\u062a\u064a \u0647\u064a \u0623\u0646 \u0623\u0646\u0642\u0644 \u0644\u0643 \u0627\u0644\u0648\u0633\u064a\u0644\u0629 \u0644\u062a\u062d\u0642\u064a\u0642 \u0630\u0644\u0643\u060c \u0648 \u0645\u0634\u0627\u0631\u0643\u062a\u0643 \u0627\u0644\u0623\u062f\u0648\u0627\u062a \u0627\u0644\u062a\u064a \u062a\u0633\u0627\u0639\u062f\u0643 \u0641\u064a \u0627\u0644\u062a\u062d\u0643\u0645 \u0641\u064a \u0639\u0648\u0627\u0637\u0641\u0643\u060c \u0648\u062a\u0648\u0636\u064a\u062d \u0623\u0647\u062f\u0627\u0641\u0643\u060c \u0648\u0627\u062a\u062e\u0627\u0630 \u0627\u0644\u0642\u0631\u0627\u0631\u0627\u062a\u060c \u0648\u0627\u0644\u062a\u062d\u0631\u0643\u060c \u0648\u062a\u063a\u064a\u064a\u0631 \u0645\u0639\u062a\u0642\u062f\u0627\u062a\u0643\u060c \u0648\u062a\u062c\u0627\u0648\u0632 \u0645\u062e\u0627\u0648\u0641\u0643\u060c \u0648\u062a\u0637\u0648\u064a\u0631 \u062d\u062f\u0633\u0643\u060c \u0648\u0627\u0644\u0623\u0647\u0645 \u0645\u0646 \u0630\u0644\u0643\u060c \u0643\u0633\u0628 \u0627\u0644\u0627\u0633\u062a\u0642\u0644\u0627\u0644\u064a\u0629 \u062d\u062a\u0649 \u062a\u062a\u0645\u0643\u0646 \u0645\u0646 \u0627\u0644\u0642\u064a\u0627\u0645 \u0628\u062a\u063a\u064a\u064a\u0631\u0627\u062a \u0641\u064a \u062d\u064a\u0627\u062a\u0643 \u0628\u062f\u0648\u0646 \u0627\u0644\u062d\u0627\u062c\u0629 \u0625\u0644\u0649 \u0645\u0631\u0627\u0641\u0642\u0629 \u0641\u064a \u0643\u0644 \u0645\u0631\u0629.<\/p>\t\t\t\t\t\t\t\t<\/div>\n\t\t\t\t<\/div>\n\t\t\t\t\t<\/div>\n\t\t<\/div>\n\t\t\t\t<div class=\"elementor-column elementor-col-50 elementor-inner-column elementor-element elementor-element-4fa01f82 imgsection\" data-id=\"4fa01f82\" data-element_type=\"column\" data-settings=\"{&quot;background_background&quot;:&quot;classic&quot;}\">\n\t\t\t<div class=\"elementor-widget-wrap\">\n\t\t\t\t\t\t\t<\/div>\n\t\t<\/div>\n\t\t\t\t\t<\/div>\n\t\t<\/section>\n\t\t\t\t\t<\/div>\n\t\t<\/div>\n\t\t\t\t\t<\/div>\n\t\t<\/section>\n\t\t\t\t<\/div>","protected":false},"excerpt":{"rendered":"<p>\u00ab\u00a0La pure folie c&rsquo;est de toujours se comporter de la m\u00eame mani\u00e8re et de s&rsquo;attendre \u00e0 un r\u00e9sultat diff\u00e9rent\u201d &#8211; Albert Einstein Mon protocole de coaching a pour objectif de vous faire sortir de cette folie\u00a0J Mon but est d&rsquo;\u00eatre \u00e0 vos c\u00f4t\u00e9s, de vous accompagner \u00e0 vous connecter \u00e0 votre potentiel pour pouvoir oser [&hellip;]<\/p>","protected":false},"author":2,"featured_media":0,"parent":0,"menu_order":0,"comment_status":"closed","ping_status":"closed","template":"elementor_header_footer","meta":{"footnotes":""},"class_list":["post-104","page","type-page","status-publish","hentry"],"yoast_head":"<!-- This site is optimized with the Yoast SEO plugin v25.2 - https:\/\/yoast.com\/wordpress\/plugins\/seo\/ -->\n<title>Accueil - Latifa KIRY Coach<\/title>\n<meta name=\"robots\" content=\"index, follow, max-snippet:-1, max-image-preview:large, max-video-preview:-1\" \/>\n<link rel=\"canonical\" href=\"https:\/\/latifakiryacademy.com\/ar\/\" \/>\n<meta property=\"og:locale\" content=\"ar_AR\" \/>\n<meta property=\"og:type\" content=\"article\" \/>\n<meta property=\"og:title\" content=\"Accueil - Latifa KIRY Coach\" \/>\n<meta property=\"og:description\" content=\"\u00ab\u00a0La pure folie c&rsquo;est de toujours se comporter de la m\u00eame mani\u00e8re et de s&rsquo;attendre \u00e0 un r\u00e9sultat diff\u00e9rent\u201d &#8211; Albert Einstein Mon protocole de coaching a pour objectif de vous faire sortir de cette folie\u00a0J Mon but est d&rsquo;\u00eatre \u00e0 vos c\u00f4t\u00e9s, de vous accompagner \u00e0 vous connecter \u00e0 votre potentiel pour pouvoir oser [&hellip;]\" \/>\n<meta property=\"og:url\" content=\"https:\/\/latifakiryacademy.com\/ar\/\" \/>\n<meta property=\"og:site_name\" content=\"Latifa KIRY Coach\" \/>\n<meta property=\"article:publisher\" content=\"https:\/\/web.facebook.com\/CoachLatifaKIRY\" \/>\n<meta property=\"article:modified_time\" content=\"2026-03-03T11:01:06+00:00\" \/>\n<meta name=\"twitter:card\" content=\"summary_large_image\" \/>\n<meta name=\"twitter:label1\" content=\"Est. reading time\" \/>\n\t<meta name=\"twitter:data1\" content=\"3 minutes\" \/>\n<script type=\"application\/ld+json\" class=\"yoast-schema-graph\">{\"@context\":\"https:\/\/schema.org\",\"@graph\":[{\"@type\":\"WebPage\",\"@id\":\"https:\/\/latifakiryacademy.com\/ar\/\",\"url\":\"https:\/\/latifakiryacademy.com\/ar\/\",\"name\":\"Accueil - Latifa KIRY Coach\",\"isPartOf\":{\"@id\":\"https:\/\/latifakiryacademy.com\/#website\"},\"datePublished\":\"2021-09-02T23:32:32+00:00\",\"dateModified\":\"2026-03-03T11:01:06+00:00\",\"breadcrumb\":{\"@id\":\"https:\/\/latifakiryacademy.com\/ar\/#breadcrumb\"},\"inLanguage\":\"ary\",\"potentialAction\":[{\"@type\":\"ReadAction\",\"target\":[\"https:\/\/latifakiryacademy.com\/ar\/\"]}]},{\"@type\":\"BreadcrumbList\",\"@id\":\"https:\/\/latifakiryacademy.com\/ar\/#breadcrumb\",\"itemListElement\":[{\"@type\":\"ListItem\",\"position\":1,\"name\":\"Accueil\",\"item\":\"https:\/\/latifakiryacademy.com\/ar\/\"},{\"@type\":\"ListItem\",\"position\":2,\"name\":\"Accueil\"}]},{\"@type\":\"WebSite\",\"@id\":\"https:\/\/latifakiryacademy.com\/#website\",\"url\":\"https:\/\/latifakiryacademy.com\/\",\"name\":\"Latifa KIRY Coach\",\"description\":\"Eveil de conscience et de connaissance de soi\",\"publisher\":{\"@id\":\"https:\/\/latifakiryacademy.com\/#\/schema\/person\/97d0a38f07bbc492bcc3c4125e720545\"},\"potentialAction\":[{\"@type\":\"SearchAction\",\"target\":{\"@type\":\"EntryPoint\",\"urlTemplate\":\"https:\/\/latifakiryacademy.com\/?s={search_term_string}\"},\"query-input\":{\"@type\":\"PropertyValueSpecification\",\"valueRequired\":true,\"valueName\":\"search_term_string\"}}],\"inLanguage\":\"ary\"},{\"@type\":[\"Person\",\"Organization\"],\"@id\":\"https:\/\/latifakiryacademy.com\/#\/schema\/person\/97d0a38f07bbc492bcc3c4125e720545\",\"name\":\"latifa kiry\",\"image\":{\"@type\":\"ImageObject\",\"inLanguage\":\"ary\",\"@id\":\"https:\/\/latifakiryacademy.com\/#\/schema\/person\/image\/\",\"url\":\"https:\/\/secure.gravatar.com\/avatar\/4fe4c0ca4749e6d211aec4e8f83a99e35730c14e397c459f90d24ade51f3202a?s=96&d=mm&r=g\",\"contentUrl\":\"https:\/\/secure.gravatar.com\/avatar\/4fe4c0ca4749e6d211aec4e8f83a99e35730c14e397c459f90d24ade51f3202a?s=96&d=mm&r=g\",\"caption\":\"latifa kiry\"},\"logo\":{\"@id\":\"https:\/\/latifakiryacademy.com\/#\/schema\/person\/image\/\"},\"sameAs\":[\"https:\/\/latifakiryacademy.com\",\"https:\/\/web.facebook.com\/CoachLatifaKIRY\",\"https:\/\/www.instagram.com\/latifakirycoach\",\"https:\/\/www.youtube.com\/@LatifaKiryCoach\/\"]}]}<\/script>\n<!-- \/ Yoast SEO plugin. -->","yoast_head_json":{"title":"Accueil - Latifa KIRY Coach","robots":{"index":"index","follow":"follow","max-snippet":"max-snippet:-1","max-image-preview":"max-image-preview:large","max-video-preview":"max-video-preview:-1"},"canonical":"https:\/\/latifakiryacademy.com\/ar\/","og_locale":"ar_AR","og_type":"article","og_title":"Accueil - Latifa KIRY Coach","og_description":"\u00ab\u00a0La pure folie c&rsquo;est de toujours se comporter de la m\u00eame mani\u00e8re et de s&rsquo;attendre \u00e0 un r\u00e9sultat diff\u00e9rent\u201d &#8211; Albert Einstein Mon protocole de coaching a pour objectif de vous faire sortir de cette folie\u00a0J Mon but est d&rsquo;\u00eatre \u00e0 vos c\u00f4t\u00e9s, de vous accompagner \u00e0 vous connecter \u00e0 votre potentiel pour pouvoir oser [&hellip;]","og_url":"https:\/\/latifakiryacademy.com\/ar\/","og_site_name":"Latifa KIRY Coach","article_publisher":"https:\/\/web.facebook.com\/CoachLatifaKIRY","article_modified_time":"2026-03-03T11:01:06+00:00","twitter_card":"summary_large_image","twitter_misc":{"Est. reading time":"3 minutes"},"schema":{"@context":"https:\/\/schema.org","@graph":[{"@type":"WebPage","@id":"https:\/\/latifakiryacademy.com\/ar\/","url":"https:\/\/latifakiryacademy.com\/ar\/","name":"Accueil - Latifa KIRY Coach","isPartOf":{"@id":"https:\/\/latifakiryacademy.com\/#website"},"datePublished":"2021-09-02T23:32:32+00:00","dateModified":"2026-03-03T11:01:06+00:00","breadcrumb":{"@id":"https:\/\/latifakiryacademy.com\/ar\/#breadcrumb"},"inLanguage":"ary","potentialAction":[{"@type":"ReadAction","target":["https:\/\/latifakiryacademy.com\/ar\/"]}]},{"@type":"BreadcrumbList","@id":"https:\/\/latifakiryacademy.com\/ar\/#breadcrumb","itemListElement":[{"@type":"ListItem","position":1,"name":"Accueil","item":"https:\/\/latifakiryacademy.com\/ar\/"},{"@type":"ListItem","position":2,"name":"Accueil"}]},{"@type":"WebSite","@id":"https:\/\/latifakiryacademy.com\/#website","url":"https:\/\/latifakiryacademy.com\/","name":"Latifa KIRY Coach","description":"Eveil de conscience et de connaissance de soi","publisher":{"@id":"https:\/\/latifakiryacademy.com\/#\/schema\/person\/97d0a38f07bbc492bcc3c4125e720545"},"potentialAction":[{"@type":"SearchAction","target":{"@type":"EntryPoint","urlTemplate":"https:\/\/latifakiryacademy.com\/?s={search_term_string}"},"query-input":{"@type":"PropertyValueSpecification","valueRequired":true,"valueName":"search_term_string"}}],"inLanguage":"ary"},{"@type":["Person","Organization"],"@id":"https:\/\/latifakiryacademy.com\/#\/schema\/person\/97d0a38f07bbc492bcc3c4125e720545","name":"latifa kiry","image":{"@type":"ImageObject","inLanguage":"ary","@id":"https:\/\/latifakiryacademy.com\/#\/schema\/person\/image\/","url":"https:\/\/secure.gravatar.com\/avatar\/4fe4c0ca4749e6d211aec4e8f83a99e35730c14e397c459f90d24ade51f3202a?s=96&d=mm&r=g","contentUrl":"https:\/\/secure.gravatar.com\/avatar\/4fe4c0ca4749e6d211aec4e8f83a99e35730c14e397c459f90d24ade51f3202a?s=96&d=mm&r=g","caption":"latifa kiry"},"logo":{"@id":"https:\/\/latifakiryacademy.com\/#\/schema\/person\/image\/"},"sameAs":["https:\/\/latifakiryacademy.com","https:\/\/web.facebook.com\/CoachLatifaKIRY","https:\/\/www.instagram.com\/latifakirycoach","https:\/\/www.youtube.com\/@LatifaKiryCoach\/"]}]}},"_links":{"self":[{"href":"https:\/\/latifakiryacademy.com\/ar\/wp-json\/wp\/v2\/pages\/104","targetHints":{"allow":["GET"]}}],"collection":[{"href":"https:\/\/latifakiryacademy.com\/ar\/wp-json\/wp\/v2\/pages"}],"about":[{"href":"https:\/\/latifakiryacademy.com\/ar\/wp-json\/wp\/v2\/types\/page"}],"author":[{"embeddable":true,"href":"https:\/\/latifakiryacademy.com\/ar\/wp-json\/wp\/v2\/users\/2"}],"replies":[{"embeddable":true,"href":"https:\/\/latifakiryacademy.com\/ar\/wp-json\/wp\/v2\/comments?post=104"}],"version-history":[{"count":42,"href":"https:\/\/latifakiryacademy.com\/ar\/wp-json\/wp\/v2\/pages\/104\/revisions"}],"predecessor-version":[{"id":2661,"href":"https:\/\/latifakiryacademy.com\/ar\/wp-json\/wp\/v2\/pages\/104\/revisions\/2661"}],"wp:attachment":[{"href":"https:\/\/latifakiryacademy.com\/ar\/wp-json\/wp\/v2\/media?parent=104"}],"curies":[{"name":"wp","href":"https:\/\/api.w.org\/{rel}","templated":true}]}}